{"id":22988,"date":"2020-11-23T11:16:01","date_gmt":"2020-11-23T09:16:01","guid":{"rendered":"https:\/\/www.louisbelgium.com\/?page_id=22988"},"modified":"2022-10-26T15:54:44","modified_gmt":"2022-10-26T13:54:44","slug":"shops","status":"publish","type":"page","link":"https:\/\/www.louisbelgium.com\/de\/shops\/","title":{"rendered":"Shops"},"content":{"rendered":"<div class=\"wpb-content-wrapper\"><p>[vc_row][vc_column][vc_row_inner][vc_column_inner][vc_column_text]<style>\r\n\t#wpsl-stores .wpsl-store-thumb {height:45px !important; width:45px !important;}\r\n\t#wpsl-stores, #wpsl-direction-details, #wpsl-gmap {height:450px !important;}\r\n\t#wpsl-gmap .wpsl-info-window {max-width:225px !important;}\r\n\t.wpsl-input label, #wpsl-radius label, #wpsl-category label {width:95px;}\r\n\t#wpsl-search-input  {width:179px;}\r\n<\/style>\r\n<div id=\"wpsl-wrap\">\r\n\t<div class=\"wpsl-search wpsl-clearfix \">\r\n\t\t<div id=\"wpsl-search-wrap\">\r\n\t\t\t<form autocomplete=\"off\">\r\n\t\t\t<div class=\"wpsl-input\">\r\n\t\t\t\t<div><label for=\"wpsl-search-input\">Ihr Standort<\/label><\/div>\r\n\t\t\t\t<input id=\"wpsl-search-input\" type=\"text\" value=\"\" name=\"wpsl-search-input\" placeholder=\"\" aria-required=\"true\" \/>\r\n\t\t\t<\/div>\r\n\t\t\t<div class=\"wpsl-select-wrap\">\r\n\t\t\t\t<div id=\"wpsl-radius\">\r\n\t\t\t\t\t<label for=\"wpsl-radius-dropdown\">Suchradius<\/label>\r\n\t\t\t\t\t<select id=\"wpsl-radius-dropdown\" class=\"wpsl-dropdown\" name=\"wpsl-radius\">\r\n\t\t\t\t\t\t<option value=\"10\">10 km<\/option><option selected=\"selected\" value=\"50\">50 km<\/option><option value=\"100\">100 km<\/option><option value=\"200\">200 km<\/option><option value=\"500\">500 km<\/option>\r\n\t\t\t\t\t<\/select>\r\n\t\t\t\t<\/div>\r\n\t\t\t<\/div>\r\n\t\t\t\t<div class=\"wpsl-search-btn-wrap\"><input id=\"wpsl-search-btn\" type=\"submit\" value=\"Suche\"><\/div>\r\n\t\t<\/form>\r\n\t\t<\/div>\r\n\t<\/div>\r\n\t<div id=\"wpsl-gmap\" class=\"wpsl-gmap-canvas\"><\/div>\r\n\t<div id=\"wpsl-result-list\">\r\n\t\t<div id=\"wpsl-stores\" class=\"wpsl-not-loaded\">\r\n\t\t\t<ul><\/ul>\r\n\t\t<\/div>\r\n\t\t<div id=\"wpsl-direction-details\">\r\n\t\t\t<ul><\/ul>\r\n\t\t<\/div>\r\n\t<\/div>\r\n<\/div>\r\n[\/vc_column_text][\/vc_column_inner][\/vc_row_inner][\/vc_column][\/vc_row]<\/p>\n<\/div>","protected":false},"excerpt":{"rendered":"<p>[vc_row][vc_column][vc_row_inner][vc_column_inner][vc_column_text][\/vc_column_text][\/vc_column_inner][\/vc_row_inner][\/vc_column][\/vc_row]<\/p>\n","protected":false},"author":1352,"featured_media":31790,"parent":0,"menu_order":0,"comment_status":"closed","ping_status":"closed","template":"","meta":{"inline_featured_image":false,"footnotes":""},"class_list":["post-22988","page","type-page","status-publish","has-post-thumbnail","hentry","description-off"],"yoast_head":"<!-- This site is optimized with the Yoast SEO plugin v27.4 - https:\/\/yoast.com\/product\/yoast-seo-wordpress\/ -->\n<title>Shops - Louis Belgium<\/title>\n<meta name=\"description\" content=\"Besuchen Sie unsere Optiker-Partner in Ihrer Umgebung. Finden Sie ein Gesch\u00e4ft in Ihrer N\u00e4he, in dem Sie die neuesten exklusiven hochwertigen belgischen Designgl\u00e4ser kaufen k\u00f6nnen.\" \/>\n<meta name=\"robots\" content=\"index, follow, max-snippet:-1, max-image-preview:large, max-video-preview:-1\" \/>\n<link rel=\"canonical\" href=\"https:\/\/www.louisbelgium.com\/de\/shops\/\" \/>\n<meta property=\"og:locale\" content=\"de_DE\" \/>\n<meta property=\"og:type\" content=\"article\" \/>\n<meta property=\"og:title\" content=\"Shops - Louis Belgium\" \/>\n<meta property=\"og:description\" content=\"Besuchen Sie unsere Optiker-Partner in Ihrer Umgebung. Finden Sie ein Gesch\u00e4ft in Ihrer N\u00e4he, in dem Sie die neuesten exklusiven hochwertigen belgischen Designgl\u00e4ser kaufen k\u00f6nnen.\" \/>\n<meta property=\"og:url\" content=\"https:\/\/www.louisbelgium.com\/de\/shops\/\" \/>\n<meta property=\"og:site_name\" content=\"Louis Belgium\" \/>\n<meta property=\"article:modified_time\" content=\"2022-10-26T13:54:44+00:00\" \/>\n<meta property=\"og:image\" content=\"https:\/\/www.louisbelgium.com\/wp-content\/uploads\/2022\/10\/Schermafbeelding-2022-10-26-om-15.54.11.png\" \/>\n\t<meta property=\"og:image:width\" content=\"1912\" \/>\n\t<meta property=\"og:image:height\" content=\"790\" \/>\n\t<meta property=\"og:image:type\" content=\"image\/png\" \/>\n<meta name=\"twitter:card\" content=\"summary_large_image\" \/>\n<meta name=\"twitter:label1\" content=\"Gesch\u00e4tzte Lesezeit\" \/>\n\t<meta name=\"twitter:data1\" content=\"1\u00a0Minute\" \/>\n<script type=\"application\/ld+json\" class=\"yoast-schema-graph\">{\"@context\":\"https:\\\/\\\/schema.org\",\"@graph\":[{\"@type\":\"WebPage\",\"@id\":\"https:\\\/\\\/www.louisbelgium.com\\\/de\\\/shops\\\/\",\"url\":\"https:\\\/\\\/www.louisbelgium.com\\\/de\\\/shops\\\/\",\"name\":\"Shops - Louis Belgium\",\"isPartOf\":{\"@id\":\"https:\\\/\\\/www.louisbelgium.com\\\/de\\\/#website\"},\"primaryImageOfPage\":{\"@id\":\"https:\\\/\\\/www.louisbelgium.com\\\/de\\\/shops\\\/#primaryimage\"},\"image\":{\"@id\":\"https:\\\/\\\/www.louisbelgium.com\\\/de\\\/shops\\\/#primaryimage\"},\"thumbnailUrl\":\"https:\\\/\\\/www.louisbelgium.com\\\/wp-content\\\/uploads\\\/2022\\\/10\\\/Schermafbeelding-2022-10-26-om-15.54.11.png\",\"datePublished\":\"2020-11-23T09:16:01+00:00\",\"dateModified\":\"2022-10-26T13:54:44+00:00\",\"description\":\"Besuchen Sie unsere Optiker-Partner in Ihrer Umgebung. Finden Sie ein Gesch\u00e4ft in Ihrer N\u00e4he, in dem Sie die neuesten exklusiven hochwertigen belgischen Designgl\u00e4ser kaufen k\u00f6nnen.\",\"breadcrumb\":{\"@id\":\"https:\\\/\\\/www.louisbelgium.com\\\/de\\\/shops\\\/#breadcrumb\"},\"inLanguage\":\"de\",\"potentialAction\":[{\"@type\":\"ReadAction\",\"target\":[\"https:\\\/\\\/www.louisbelgium.com\\\/de\\\/shops\\\/\"]}]},{\"@type\":\"ImageObject\",\"inLanguage\":\"de\",\"@id\":\"https:\\\/\\\/www.louisbelgium.com\\\/de\\\/shops\\\/#primaryimage\",\"url\":\"https:\\\/\\\/www.louisbelgium.com\\\/wp-content\\\/uploads\\\/2022\\\/10\\\/Schermafbeelding-2022-10-26-om-15.54.11.png\",\"contentUrl\":\"https:\\\/\\\/www.louisbelgium.com\\\/wp-content\\\/uploads\\\/2022\\\/10\\\/Schermafbeelding-2022-10-26-om-15.54.11.png\",\"width\":1912,\"height\":790},{\"@type\":\"BreadcrumbList\",\"@id\":\"https:\\\/\\\/www.louisbelgium.com\\\/de\\\/shops\\\/#breadcrumb\",\"itemListElement\":[{\"@type\":\"ListItem\",\"position\":1,\"name\":\"Home\",\"item\":\"https:\\\/\\\/www.louisbelgium.com\\\/de\\\/home\\\/\"},{\"@type\":\"ListItem\",\"position\":2,\"name\":\"Shops\"}]},{\"@type\":\"WebSite\",\"@id\":\"https:\\\/\\\/www.louisbelgium.com\\\/de\\\/#website\",\"url\":\"https:\\\/\\\/www.louisbelgium.com\\\/de\\\/\",\"name\":\"Louis Belgium\",\"description\":\"The Fashion of Colour\",\"publisher\":{\"@id\":\"https:\\\/\\\/www.louisbelgium.com\\\/de\\\/#organization\"},\"potentialAction\":[{\"@type\":\"SearchAction\",\"target\":{\"@type\":\"EntryPoint\",\"urlTemplate\":\"https:\\\/\\\/www.louisbelgium.com\\\/de\\\/?s={search_term_string}\"},\"query-input\":{\"@type\":\"PropertyValueSpecification\",\"valueRequired\":true,\"valueName\":\"search_term_string\"}}],\"inLanguage\":\"de\"},{\"@type\":\"Organization\",\"@id\":\"https:\\\/\\\/www.louisbelgium.com\\\/de\\\/#organization\",\"name\":\"Louis Belgium\",\"url\":\"https:\\\/\\\/www.louisbelgium.com\\\/de\\\/\",\"logo\":{\"@type\":\"ImageObject\",\"inLanguage\":\"de\",\"@id\":\"https:\\\/\\\/www.louisbelgium.com\\\/de\\\/#\\\/schema\\\/logo\\\/image\\\/\",\"url\":\"https:\\\/\\\/www.louisbelgium.com\\\/wp-content\\\/uploads\\\/2020\\\/04\\\/louis.png\",\"contentUrl\":\"https:\\\/\\\/www.louisbelgium.com\\\/wp-content\\\/uploads\\\/2020\\\/04\\\/louis.png\",\"width\":378,\"height\":133,\"caption\":\"Louis Belgium\"},\"image\":{\"@id\":\"https:\\\/\\\/www.louisbelgium.com\\\/de\\\/#\\\/schema\\\/logo\\\/image\\\/\"}}]}<\/script>\n<!-- \/ Yoast SEO plugin. -->","yoast_head_json":{"title":"Shops - Louis Belgium","description":"Besuchen Sie unsere Optiker-Partner in Ihrer Umgebung. Finden Sie ein Gesch\u00e4ft in Ihrer N\u00e4he, in dem Sie die neuesten exklusiven hochwertigen belgischen Designgl\u00e4ser kaufen k\u00f6nnen.","robots":{"index":"index","follow":"follow","max-snippet":"max-snippet:-1","max-image-preview":"max-image-preview:large","max-video-preview":"max-video-preview:-1"},"canonical":"https:\/\/www.louisbelgium.com\/de\/shops\/","og_locale":"de_DE","og_type":"article","og_title":"Shops - Louis Belgium","og_description":"Besuchen Sie unsere Optiker-Partner in Ihrer Umgebung. Finden Sie ein Gesch\u00e4ft in Ihrer N\u00e4he, in dem Sie die neuesten exklusiven hochwertigen belgischen Designgl\u00e4ser kaufen k\u00f6nnen.","og_url":"https:\/\/www.louisbelgium.com\/de\/shops\/","og_site_name":"Louis Belgium","article_modified_time":"2022-10-26T13:54:44+00:00","og_image":[{"width":1912,"height":790,"url":"https:\/\/www.louisbelgium.com\/wp-content\/uploads\/2022\/10\/Schermafbeelding-2022-10-26-om-15.54.11.png","type":"image\/png"}],"twitter_card":"summary_large_image","twitter_misc":{"Gesch\u00e4tzte Lesezeit":"1\u00a0Minute"},"schema":{"@context":"https:\/\/schema.org","@graph":[{"@type":"WebPage","@id":"https:\/\/www.louisbelgium.com\/de\/shops\/","url":"https:\/\/www.louisbelgium.com\/de\/shops\/","name":"Shops - Louis Belgium","isPartOf":{"@id":"https:\/\/www.louisbelgium.com\/de\/#website"},"primaryImageOfPage":{"@id":"https:\/\/www.louisbelgium.com\/de\/shops\/#primaryimage"},"image":{"@id":"https:\/\/www.louisbelgium.com\/de\/shops\/#primaryimage"},"thumbnailUrl":"https:\/\/www.louisbelgium.com\/wp-content\/uploads\/2022\/10\/Schermafbeelding-2022-10-26-om-15.54.11.png","datePublished":"2020-11-23T09:16:01+00:00","dateModified":"2022-10-26T13:54:44+00:00","description":"Besuchen Sie unsere Optiker-Partner in Ihrer Umgebung. Finden Sie ein Gesch\u00e4ft in Ihrer N\u00e4he, in dem Sie die neuesten exklusiven hochwertigen belgischen Designgl\u00e4ser kaufen k\u00f6nnen.","breadcrumb":{"@id":"https:\/\/www.louisbelgium.com\/de\/shops\/#breadcrumb"},"inLanguage":"de","potentialAction":[{"@type":"ReadAction","target":["https:\/\/www.louisbelgium.com\/de\/shops\/"]}]},{"@type":"ImageObject","inLanguage":"de","@id":"https:\/\/www.louisbelgium.com\/de\/shops\/#primaryimage","url":"https:\/\/www.louisbelgium.com\/wp-content\/uploads\/2022\/10\/Schermafbeelding-2022-10-26-om-15.54.11.png","contentUrl":"https:\/\/www.louisbelgium.com\/wp-content\/uploads\/2022\/10\/Schermafbeelding-2022-10-26-om-15.54.11.png","width":1912,"height":790},{"@type":"BreadcrumbList","@id":"https:\/\/www.louisbelgium.com\/de\/shops\/#breadcrumb","itemListElement":[{"@type":"ListItem","position":1,"name":"Home","item":"https:\/\/www.louisbelgium.com\/de\/home\/"},{"@type":"ListItem","position":2,"name":"Shops"}]},{"@type":"WebSite","@id":"https:\/\/www.louisbelgium.com\/de\/#website","url":"https:\/\/www.louisbelgium.com\/de\/","name":"Louis Belgium","description":"The Fashion of Colour","publisher":{"@id":"https:\/\/www.louisbelgium.com\/de\/#organization"},"potentialAction":[{"@type":"SearchAction","target":{"@type":"EntryPoint","urlTemplate":"https:\/\/www.louisbelgium.com\/de\/?s={search_term_string}"},"query-input":{"@type":"PropertyValueSpecification","valueRequired":true,"valueName":"search_term_string"}}],"inLanguage":"de"},{"@type":"Organization","@id":"https:\/\/www.louisbelgium.com\/de\/#organization","name":"Louis Belgium","url":"https:\/\/www.louisbelgium.com\/de\/","logo":{"@type":"ImageObject","inLanguage":"de","@id":"https:\/\/www.louisbelgium.com\/de\/#\/schema\/logo\/image\/","url":"https:\/\/www.louisbelgium.com\/wp-content\/uploads\/2020\/04\/louis.png","contentUrl":"https:\/\/www.louisbelgium.com\/wp-content\/uploads\/2020\/04\/louis.png","width":378,"height":133,"caption":"Louis Belgium"},"image":{"@id":"https:\/\/www.louisbelgium.com\/de\/#\/schema\/logo\/image\/"}}]}},"_links":{"self":[{"href":"https:\/\/www.louisbelgium.com\/de\/wp-json\/wp\/v2\/pages\/22988","targetHints":{"allow":["GET"]}}],"collection":[{"href":"https:\/\/www.louisbelgium.com\/de\/wp-json\/wp\/v2\/pages"}],"about":[{"href":"https:\/\/www.louisbelgium.com\/de\/wp-json\/wp\/v2\/types\/page"}],"author":[{"embeddable":true,"href":"https:\/\/www.louisbelgium.com\/de\/wp-json\/wp\/v2\/users\/1352"}],"replies":[{"embeddable":true,"href":"https:\/\/www.louisbelgium.com\/de\/wp-json\/wp\/v2\/comments?post=22988"}],"version-history":[{"count":2,"href":"https:\/\/www.louisbelgium.com\/de\/wp-json\/wp\/v2\/pages\/22988\/revisions"}],"predecessor-version":[{"id":23036,"href":"https:\/\/www.louisbelgium.com\/de\/wp-json\/wp\/v2\/pages\/22988\/revisions\/23036"}],"wp:featuredmedia":[{"embeddable":true,"href":"https:\/\/www.louisbelgium.com\/de\/wp-json\/wp\/v2\/media\/31790"}],"wp:attachment":[{"href":"https:\/\/www.louisbelgium.com\/de\/wp-json\/wp\/v2\/media?parent=22988"}],"curies":[{"name":"wp","href":"https:\/\/api.w.org\/{rel}","templated":true}]}}