{"id":22976,"date":"2020-11-23T10:53:41","date_gmt":"2020-11-23T08:53:41","guid":{"rendered":"https:\/\/www.louisbelgium.com\/?page_id=22976"},"modified":"2020-11-24T09:59:45","modified_gmt":"2020-11-24T07:59:45","slug":"algemeine-bedingungen","status":"publish","type":"page","link":"https:\/\/www.louisbelgium.com\/de\/algemeine-bedingungen\/","title":{"rendered":"Algemeine Bedingungen"},"content":{"rendered":"<div class=\"wpb-content-wrapper\"><p>[vc_row][vc_column][vc_row_inner][vc_column_inner][vc_column_text]Alle Konflikte, die sich aus einem Vertrag ergeben oder mit einem Vertrag verbunden sind, auf den diese Allgemeinen Gesch\u00e4ftsbedingungen Anwendung finden, werden von den Gerichten in Antwerpen entschieden und unterliegen belgischem Recht.<\/p>\n<p><strong>Anbieter:<\/strong><\/p>\n<p>Louis Belgium NV<br \/>\nLange Lobroekstraat 41-45<br \/>\n2060 Antwerp<br \/>\nBelgien<\/p>\n<p>Umsatzsteuer-Nummer: BE 0848.087.529<br \/>\nGesch\u00e4ftsf\u00fchrender Direktor: Bert Boon<\/p>\n<p>Kundenservice:<br \/>\nTel: +32 (3) 212 28 24<br \/>\nE-Mail: <a href=\"mailto:office@louisbelgium.com\">office@louisbelgium.com<\/a><br \/>\nWebsite: www.louisbelgium.com<\/p>\n<h2>INHALTSANGABEVERZEICHNIS<\/h2>\n<p><a href=\"#article1\">Artikel 1 &#8211; G\u00fcltigkeit der allgemeinen Bedingungen<\/a><br \/>\n<a href=\"#article2\">Artikel 2 &#8211; Ank\u00e4ufe<\/a><br \/>\n<a href=\"#article3\">Artikel 3 &#8211; Eigentumsvorbehalt<\/a><br \/>\n<a href=\"#article4\">Artikel 4 &#8211; Lieferung und Versand<\/a><br \/>\n<a href=\"#article5\">Artikel 5 &#8211; R\u00fcckgaberecht<\/a><br \/>\n<a href=\"#article51\">Artikel 5 &#8211; R\u00fcckgabeformular<\/a><br \/>\n<a href=\"#article6\">Artikel 6 &#8211; Geld-zur\u00fcck-Garantie<\/a><br \/>\n<a href=\"#article7\">Artikel 7 &#8211; Gew\u00e4hrleistungsanspr\u00fcche<\/a><br \/>\n<a href=\"#article8\">Artikel 8 &#8211; Zahlung<\/a><br \/>\n<a href=\"#article9\">Artikel 9 &#8211; Besondere Informationen<\/a><\/p>\n<h2 id=\"article1\">\u00a7 1 G\u00dcLTIGKEIT DER ALLGEMEINEN BEDINGUNGEN<\/h2>\n<p>Diese allgemeinen Gesch\u00e4ftsbedingungen gelten f\u00fcr alle von Louis Belgium abgeschlossenen Vertr\u00e4ge. Louis Belgium umfasst alle Abteilungen und Gesch\u00e4ftseinheiten sowie alle verbundenen juristischen Personen, mit denen es in irgendeiner Weise zusammenarbeitet. Von diesen Allgemeinen Gesch\u00e4ftsbedingungen abweichende Bestimmungen sind nur dann g\u00fcltig, wenn sie von Louis Belgium ausdr\u00fccklich und schriftlich erkl\u00e4rt werden. Trotz der abweichenden Bestimmungen bleiben die \u00fcbrigen Bestimmungen in vollem Umfang in Kraft. Louis Belgium beh\u00e4lt sich das Recht vor, diese Allgemeinen Gesch\u00e4ftsbedingungen jederzeit zu \u00e4ndern. Sollte eine der Bestimmungen dieser Allgemeinen Gesch\u00e4ftsbedingungen null und nichtig sein oder werden, bleiben die \u00fcbrigen Bestimmungen vollumf\u00e4nglich in Kraft.<\/p>\n<p>Durch das Aufgeben einer Bestellung erkl\u00e4rt sich der K\u00e4ufer mit diesen allgemeinen Bedingungen einverstanden.<\/p>\n<h2 id=\"article2\">\u00a7 2 SCHLUSSVERKAUF<\/h2>\n<p><strong>2.1<\/strong> Alle Preise (au\u00dferhalb Belgiens) enthalten die Mehrwertsteuer und andere Preisbestandteile.<\/p>\n<p><strong>2.2<\/strong> Die Darstellung der Produkte im Online-Shop stellt kein rechtlich bindendes Angebot, sondern einen unverbindlichen Online-Katalog dar. Durch Anklicken des Buttons &#8222;Kaufen&#8220; oder durch Bestellung bei einem unserer Vertreter geben Sie eine verbindliche Bestellung der im Warenkorb oder im Bestellformular enthaltenen Waren ab und erkl\u00e4ren sich mit dem Kauf der bestellten Waren einverstanden. Die Best\u00e4tigung des Eingangs Ihrer Bestellung erfolgt zusammen mit der Annahme der Bestellung unmittelbar nach dem Absenden durch eine automatisierte E-Mail. Mit dieser E-Mail-Best\u00e4tigung ist der Kaufvertrag zustande gekommen.<\/p>\n<p><strong>2.3<\/strong> Ist ein Vertrag geschlossen worden und sind bestellte Artikel in absehbarer Zeit nicht lieferbar, haben beide Parteien das Recht, diese Artikel zu widerrufen. Sobald wir dies erkennen, werden wir Sie unverz\u00fcglich \u00fcber die Nichtverf\u00fcgbarkeit der bestellten Artikel informieren.<\/p>\n<p><strong>2.4<\/strong> Ihre Bestellungen werden nach Vertragsschluss bei uns aufbewahrt. Dazu ist es erforderlich, dass Ihre pers\u00f6nlichen Bestelldaten zur Abwicklung des Kaufvertrages in einem Kundenkonto bei uns registriert werden. Dies geschieht, sobald einer unserer Mitarbeiter Ihre Adressdaten eingegeben hat und Sie unsere Allgemeinen Gesch\u00e4ftsbedingungen und die Datenschutzerkl\u00e4rung akzeptiert haben. Sollten Sie die Dokumente aus Ihren Bestellungen verlieren, kontaktieren Sie uns bitte per E-Mail \/ Telefon. Wir senden Ihnen gerne eine Kopie der Details Ihrer Bestellung zu.<\/p>\n<p>Um das Konto zu l\u00f6schen, wenden Sie sich bitte an Ihren Vertreter oder unseren Kundendienst unter der Servicenummer: unter der Nummer +32 (3) 212 28 24 oder per E-Mail: <a href=\"mailto:office@louisbelgium.com\">office@louisbelgium.com<\/a><\/p>\n<p><strong>2.5<\/strong> Sie erkl\u00e4ren sich damit einverstanden, dass Sie Rechnungen nur elektronisch erhalten.<\/p>\n<h2 id=\"article3\">\u00a7 EIGENTUMSVORBEHALT<\/h2>\n<p><strong>3.1<\/strong> Die Ware bleibt bis zur vollst\u00e4ndigen Bezahlung unser Eigentum.<\/p>\n<p><strong>3.2<\/strong> Der Verk\u00e4ufer hat das Recht, bei Vertragsbruch durch den Kunden, insbesondere bei Nichtzahlung oder bei Verletzung einer Pflicht nach Artikel 3.1, vom Vertrag zur\u00fcckzutreten und die Ware herauszufordern.<\/p>\n<h2 id=\"article4\">\u00a7 4 LIEFERUNG UND VERSAND<\/h2>\n<p><strong>4.1<\/strong> Falls verf\u00fcgbar, werden die Waren so schnell wie m\u00f6glich von Louis Belgium versandt. Die Lieferung erfolgt innerhalb von 2-3 Arbeitstagen. Sollte ein Artikel nicht vorr\u00e4tig sein, wird Louis Belgien innerhalb der Verf\u00fcgbarkeit des Herstellers so schnell wie m\u00f6glich liefern.<\/p>\n<p><strong>4.2<\/strong> Im Falle einer Lieferverz\u00f6gerung werden wir Sie unverz\u00fcglich dar\u00fcber informieren. Wenn Sie aus diesem Grund von der Bestellung zur\u00fccktreten, werden wir Ihre Bestellung unverz\u00fcglich stornieren.<\/p>\n<p><strong>4.3<\/strong> Sind nicht alle bestellten Artikel vorr\u00e4tig, ist der K\u00e4ufer zu einer Teillieferung berechtigt, soweit dies f\u00fcr den K\u00e4ufer zumutbar ist.<\/p>\n<p><strong>4.4<\/strong> F\u00fcr Bestellungen innerhalb und au\u00dferhalb Europas werden Versandkosten berechnet. F\u00fcr Bestellungen innerhalb Europas werden Versandkosten in H\u00f6he von 5 \u20ac berechnet.<\/p>\n<p><strong>4.5<\/strong> F\u00fcr den Fall, dass Waren von einem Kunden mit Sitz au\u00dferhalb der Europ\u00e4ischen Union gekauft und ausgef\u00fchrt werden, k\u00f6nnen wir leider keine R\u00fcckerstattung der Mehrwertsteuer anbieten.<\/p>\n<h2 id=\"article5\">\u00a7 5 GESETZLICHES R\u00dcCKTRITTSRECHT<\/h2>\n<h3>5.1 R\u00dcCKTRITTSRECHT<\/h3>\n<p>Sie haben das Recht, Ihre Bestellung innerhalb von vierzehn Tagen ohne Angabe von Gr\u00fcnden zu widerrufen.<\/p>\n<p>Die K\u00fcndigungsfrist betr\u00e4gt vierzehn Tage ab dem Datum, an dem Sie oder ein von Ihnen benannter Dritter, der nicht der Frachtf\u00fchrer ist, die Ware in Besitz genommen haben. Wenn Sie mehrere Waren zusammen bestellt haben und diese getrennt geliefert werden, betr\u00e4gt die K\u00fcndigungsfrist vierzehn Tage ab dem Tag, an dem Sie oder ein von Ihnen benannter Dritter, der nicht der Frachtf\u00fchrer ist, die letzten Waren in Besitz genommen haben.<\/p>\n<p>Um von Ihrem Widerrufsrecht Gebrauch zu machen, m\u00fcssen sie uns benachrichtigen;<\/p>\n<p>Louis Belgium NV<br \/>\nLange Lobroekstraat 41-45<br \/>\n2060 Antwerp<br \/>\nBelgium<\/p>\n<p>Customer service: : +32 3 212 28 24<br \/>\nE-Mail: <a href=\"mailto:office@louisbelgium.com\">office@louisbelgium.com<\/a><\/p>\n<p>Durch eine klare Erkl\u00e4rung (z.B. einen Brief per Post oder E-Mail) \u00fcber Ihre Entscheidung, von diesem Vertrag zur\u00fcckzutreten. Sie k\u00f6nnen das beigef\u00fcgte Muster des R\u00fccktrittsformulars verwenden, das nicht obligatorisch ist.<\/p>\n<p>Zur Aufrechterhaltung der Widerrufsfrist reicht es aus, wenn Sie die Mitteilung \u00fcber die Aus\u00fcbung des Widerrufsrechts vor Ablauf der Widerrufsfrist absenden.<\/p>\n<h3>5.2 FOLGEN DES R\u00dcCKZUGS<\/h3>\n<p>Wenn Sie diese Bestellung annullieren, erstatten wir alle Zahlungen, die wir von Ihnen erhalten haben, einschlie\u00dflich der Versandkosten, ohne unn\u00f6tige Verz\u00f6gerung und sp\u00e4testens vierzehn Tage nach dem Datum, an dem wir eine Benachrichtigung erhalten haben, dass Sie diese Bestellung annulliert haben, zur\u00fcck. F\u00fcr diese R\u00fcckerstattung verwenden wir die gleiche Zahlungsmethode, die Sie bei der urspr\u00fcnglichen Transaktion verwendet haben, es sei denn, es wurde mit Ihnen etwas anderes vereinbart; in keinem Fall werden diese Kosten f\u00fcr die R\u00fcckerstattung in Rechnung gestellt. Wir k\u00f6nnen die R\u00fcckerstattung verweigern, bis wir die Waren zur\u00fcckerhalten haben oder bis Sie den Nachweis erbracht haben, dass Sie die Waren zur\u00fcckgegeben haben, je nachdem, was zuerst eintritt.<\/p>\n<p>Sie m\u00fcssen die Waren unverz\u00fcglich, sp\u00e4testens jedoch innerhalb von vierzehn Tagen ab dem Datum, an dem Sie uns \u00fcber die Stornierung dieser Bestellung informiert haben, an uns zur\u00fccksenden. Die Frist ist gewahrt, wenn Sie die Waren vor Ablauf der Frist von vierzehn Tagen absenden. Wir tragen nicht die Kosten f\u00fcr die R\u00fccksendung der Waren.<\/p>\n<h2 id=\"article51\">Vorlage R\u00fcckgabeformular<\/h2>\n<p>(Wenn Sie die Bestellung stornieren m\u00f6chten, f\u00fcllen Sie bitte <a href=\"\/wp-content\/uploads\/2020\/07\/LOUIS_retour_EN1.pdf\">das R\u00fccksendeformular<\/a> aus und senden Sie es zur\u00fcck).<\/p>\n<h2 id=\"article6\">\u00a7 6 GELD-ZUR\u00dcCK-GARANTIE<\/h2>\n<p><strong>6.1<\/strong> Das R\u00fcckgaberecht gilt f\u00fcr alle Waren, vorausgesetzt, dass sich die Waren in ungebrauchtem und unbesch\u00e4digtem Zustand befinden.<\/p>\n<p><strong>6.2<\/strong> Wir verwenden die gleiche Zahlungsmethode, die Sie f\u00fcr die urspr\u00fcngliche Transaktion verwendet haben, es sei denn, es wurde mit Ihnen etwas anderes vereinbart.<\/p>\n<h2 id=\"article7\">\u00a7 7 GARANTIE<\/h2>\n<p><strong>7.1<\/strong> Die gesetzliche Gew\u00e4hrleistungspflicht gilt f\u00fcr gelieferte Waren mit einer Laufzeit von 2 Jahren.<\/p>\n<p><strong>7.2<\/strong> Wenn der Liefergegenstand innerhalb der Garantiezeit aufgrund von Herstellungs- oder Materialfehlern defekt oder besch\u00e4digt ist, wird Louis Belgium eine neue Brille liefern oder ersetzen, wenn diese nicht mehr verf\u00fcgbar ist. Dies gilt nur, wenn der Kauf innerhalb der Garantiezeit von 2 Jahren und mit dem Original-Kaufbeleg des Kunden erfolgt. Ohne diesen Nachweis hat Louis Belgien das Recht, einen Garantieanspruch abzulehnen.<\/p>\n<p><strong>7.3<\/strong> Offensichtliche Defekte m\u00fcssen dem Verk\u00e4ufer so schnell wie m\u00f6glich nach Entdeckung gemeldet werden, um eine weitere Verschlechterung des Produkts zu verhindern. Das Vers\u00e4umnis, M\u00e4ngel rechtzeitig zu melden, hat keinen Einfluss auf den Umfang der bestehenden Garantieverpflichtung des Verk\u00e4ufers. Die mangelhaften Artikel werden an Louis Belgium zur \u00dcberpr\u00fcfung in dem Zustand, in dem sie sich zum Zeitpunkt der Entdeckung des Mangels befanden, zur\u00fcckgesandt.<\/p>\n<p><strong>7.3<\/strong> Gew\u00e4hrleistungsanspr\u00fcche bestehen nur, wenn ein Kaufnachweis vorgelegt wird und nachgewiesen werden kann, dass der betreffende Schaden auf einen Produktions-\/Qualit\u00e4tsfehler zur\u00fcckzuf\u00fchren ist.<\/p>\n<p>Die folgenden Anspr\u00fcche gelten nicht als Garantie;<br \/>\n<strong>&#8211; Lackierfehler, die durch Tropfen oder St\u00f6\u00dfe verursacht wurden<\/strong><br \/>\nBei Metallgl\u00e4sern liegt ein echter Farbfehler nur dann vor, wenn die Farbe abbl\u00e4ttert. Farbteile, die durch Sturz und Sto\u00df von den Gl\u00e4sern herr\u00fchren, gelten nicht als Materialfehler, sondern als selbstverschuldet.<br \/>\n<strong>&#8211; Risse oder Bruch:<\/strong><br \/>\nZerbrochene Gl\u00e4ser werden nicht als Garantie angesehen. Man spricht dann von mittleren Br\u00fcchen, Rissen oder Br\u00fcchen.<br \/>\n<strong>&#8211; Defekt bei der Montage<\/strong><br \/>\nWenn w\u00e4hrend der Montage ein Fehler auftritt und die oben genannten Optionen nicht anwendbar sind. Wird die Vorgehensweise untersucht und dann eine Entscheidung f\u00fcr das Recht auf Garantie getroffen.<br \/>\n&#8211; Wenn Sie auf diese Fragen keine Antwort erhalten, k\u00f6nnen Sie diese als Garantie einsenden oder Sie werden gebeten, den Vertreter in Ihrer N\u00e4he oder unseren Kundendienst zu kontaktieren.<\/p>\n<p><strong>7.5<\/strong> Soweit der Verk\u00e4ufer dem K\u00e4ufer Garantien gibt, insbesondere bei Sonderangeboten, bleiben die gesetzlichen Garantiebestimmungen von Louis Belgium in vollem Umfang in Kraft.<\/p>\n<h2 id=\"article8\">\u00a7 8 ZAHLUNG<\/h2>\n<p><strong>8.1<\/strong> Der Kunde hat das Recht, zwischen den folgenden Zahlungsmethoden zu w\u00e4hlen:<br \/>\n&#8211; Kauf auf Rechnung: Zahlungsfrist 30 Tage<br \/>\n&#8211; SEPA-Mandat<br \/>\n&#8211; Kreditkarte<\/p>\n<p><strong>8.2<\/strong> Der f\u00e4llige Betrag ist sofort bei Lieferung zu zahlen, sofern nicht anders vereinbart. Wenn eine Rechnung versandt wird, gilt eine Zahlungsfrist von 30 Tagen ab Rechnungsdatum. Erfolgt die Zahlung nicht innerhalb der vorgenannten Frist, werden auf den Rechnungsbetrag, beginnend mit dem Verfallsdatum, von Rechts wegen und ohne dass eine Inverzugsetzung erforderlich ist, j\u00e4hrliche Zinsen in H\u00f6he von 10 % auf den Rechnungsbetrag erhoben. Wird eine Rechnung nicht am F\u00e4lligkeitsdatum bezahlt, wird der Betrag ebenfalls um 10% erh\u00f6ht. Entspricht die Lieferung nicht der Bestellung, muss die Rechnung vollst\u00e4ndig bezahlt werden. Die fehlenden Waren werden so schnell wie m\u00f6glich geliefert.<\/p>\n<h2 id=\"article9\">\u00a7 9 SPEZIELLE INFORMATIONEN F\u00dcR DIE BESTELLOPTION &#8222;RAHMEN ZUM ZEIGEN&#8220;<\/h2>\n<p><strong>9.1<\/strong> Wenn Sie eine Ausstellung, eine Bestellung aufgeben, bleiben die zum Verkauf bestimmten Waren unser Eigentum und unser indirektes Eigentum. Bis die entsprechende Rechnung bezahlt oder die Waren zur\u00fcckgegeben werden.<\/p>\n<p><strong>9.2<\/strong> Sie k\u00f6nnen versuchen, die Versionen innerhalb von 14 Tagen nach Erhalt der Ausstellungsbestellung einzusehen. Die Frist von 14 Tagen beginnt mit dem Eingang der bestellten Waren zur Ansicht. Vor dem Tag der Frist ist der Tag der Zustellung der Waren zur R\u00fccksendung mit einem Kurierdienst f\u00fcr Ihre Wahl entscheidend. Die Kosten der R\u00fccksendung \u00fcbernehmen wir nicht.<\/p>\n<p><strong>9.3<\/strong> Erfolgt innerhalb der 14-t\u00e4gigen Frist keine R\u00fccksendung der Ware, so gilt dies als Genehmigung der bestellten Ware zur Ansicht, so dass wir Ihnen die Ware nach Ablauf der 14-t\u00e4gigen R\u00fcckgabefrist in Rechnung stellen und ein wirksamer Kaufvertrag \u00fcber die nicht zur\u00fcckgegebene Brille zustande kommt.[\/vc_column_text][\/vc_column_inner][\/vc_row_inner][\/vc_column][\/vc_row]<\/p>\n<\/div>","protected":false},"excerpt":{"rendered":"<p>[vc_row][vc_column][vc_row_inner][vc_column_inner][vc_column_text]Alle Konflikte, die sich aus einem Vertrag ergeben oder mit einem Vertrag verbunden sind, auf den diese Allgemeinen Gesch\u00e4ftsbedingungen Anwendung finden, werden von den Gerichten in Antwerpen entschieden und unterliegen belgischem Recht. Anbieter: Louis Belgium NV Lange Lobroekstraat 41-45 2060 Antwerp Belgien Umsatzsteuer-Nummer: BE 0848.087.529 Gesch\u00e4ftsf\u00fchrender Direktor: Bert Boon Kundenservice: Tel: +32 (3) 212 28&hellip;<\/p>\n","protected":false},"author":1352,"featured_media":0,"parent":0,"menu_order":0,"comment_status":"closed","ping_status":"closed","template":"","meta":{"inline_featured_image":false,"footnotes":""},"class_list":["post-22976","page","type-page","status-publish","hentry","description-off"],"yoast_head":"<!-- This site is optimized with the Yoast SEO plugin v27.3 - https:\/\/yoast.com\/product\/yoast-seo-wordpress\/ -->\n<title>Algemeine Bedingungen Algemeine Bedingungen - Louis Belgium<\/title>\n<meta name=\"description\" content=\"Alle Konflikte, die sich aus einem Vertrag ergeben oder mit einem Vertrag verbunden sind, auf den diese Allgemeinen Gesch\u00e4ftsbedingungen Anwendung finden, werden von den Gerichten in Antwerpen entschieden und unterliegen belgischem Recht.\" \/>\n<meta name=\"robots\" content=\"index, follow, max-snippet:-1, max-image-preview:large, max-video-preview:-1\" \/>\n<link rel=\"canonical\" href=\"https:\/\/www.louisbelgium.com\/de\/algemeine-bedingungen\/\" \/>\n<meta property=\"og:locale\" content=\"de_DE\" \/>\n<meta property=\"og:type\" content=\"article\" \/>\n<meta property=\"og:title\" content=\"Algemeine Bedingungen Algemeine Bedingungen - Louis Belgium\" \/>\n<meta property=\"og:description\" content=\"Alle Konflikte, die sich aus einem Vertrag ergeben oder mit einem Vertrag verbunden sind, auf den diese Allgemeinen Gesch\u00e4ftsbedingungen Anwendung finden, werden von den Gerichten in Antwerpen entschieden und unterliegen belgischem Recht.\" \/>\n<meta property=\"og:url\" content=\"https:\/\/www.louisbelgium.com\/de\/algemeine-bedingungen\/\" \/>\n<meta property=\"og:site_name\" content=\"Louis Belgium\" \/>\n<meta property=\"article:modified_time\" content=\"2020-11-24T07:59:45+00:00\" \/>\n<meta name=\"twitter:card\" content=\"summary_large_image\" \/>\n<meta name=\"twitter:label1\" content=\"Gesch\u00e4tzte Lesezeit\" \/>\n\t<meta name=\"twitter:data1\" content=\"9\u00a0Minuten\" \/>\n<script type=\"application\/ld+json\" class=\"yoast-schema-graph\">{\"@context\":\"https:\\\/\\\/schema.org\",\"@graph\":[{\"@type\":\"WebPage\",\"@id\":\"https:\\\/\\\/www.louisbelgium.com\\\/de\\\/algemeine-bedingungen\\\/\",\"url\":\"https:\\\/\\\/www.louisbelgium.com\\\/de\\\/algemeine-bedingungen\\\/\",\"name\":\"Algemeine Bedingungen Algemeine Bedingungen - Louis Belgium\",\"isPartOf\":{\"@id\":\"https:\\\/\\\/www.louisbelgium.com\\\/de\\\/#website\"},\"datePublished\":\"2020-11-23T08:53:41+00:00\",\"dateModified\":\"2020-11-24T07:59:45+00:00\",\"description\":\"Alle Konflikte, die sich aus einem Vertrag ergeben oder mit einem Vertrag verbunden sind, auf den diese Allgemeinen Gesch\u00e4ftsbedingungen Anwendung finden, werden von den Gerichten in Antwerpen entschieden und unterliegen belgischem Recht.\",\"breadcrumb\":{\"@id\":\"https:\\\/\\\/www.louisbelgium.com\\\/de\\\/algemeine-bedingungen\\\/#breadcrumb\"},\"inLanguage\":\"de\",\"potentialAction\":[{\"@type\":\"ReadAction\",\"target\":[\"https:\\\/\\\/www.louisbelgium.com\\\/de\\\/algemeine-bedingungen\\\/\"]}]},{\"@type\":\"BreadcrumbList\",\"@id\":\"https:\\\/\\\/www.louisbelgium.com\\\/de\\\/algemeine-bedingungen\\\/#breadcrumb\",\"itemListElement\":[{\"@type\":\"ListItem\",\"position\":1,\"name\":\"Home\",\"item\":\"https:\\\/\\\/www.louisbelgium.com\\\/de\\\/home\\\/\"},{\"@type\":\"ListItem\",\"position\":2,\"name\":\"Algemeine Bedingungen\"}]},{\"@type\":\"WebSite\",\"@id\":\"https:\\\/\\\/www.louisbelgium.com\\\/de\\\/#website\",\"url\":\"https:\\\/\\\/www.louisbelgium.com\\\/de\\\/\",\"name\":\"Louis Belgium\",\"description\":\"The Fashion of Colour\",\"publisher\":{\"@id\":\"https:\\\/\\\/www.louisbelgium.com\\\/de\\\/#organization\"},\"potentialAction\":[{\"@type\":\"SearchAction\",\"target\":{\"@type\":\"EntryPoint\",\"urlTemplate\":\"https:\\\/\\\/www.louisbelgium.com\\\/de\\\/?s={search_term_string}\"},\"query-input\":{\"@type\":\"PropertyValueSpecification\",\"valueRequired\":true,\"valueName\":\"search_term_string\"}}],\"inLanguage\":\"de\"},{\"@type\":\"Organization\",\"@id\":\"https:\\\/\\\/www.louisbelgium.com\\\/de\\\/#organization\",\"name\":\"Louis Belgium\",\"url\":\"https:\\\/\\\/www.louisbelgium.com\\\/de\\\/\",\"logo\":{\"@type\":\"ImageObject\",\"inLanguage\":\"de\",\"@id\":\"https:\\\/\\\/www.louisbelgium.com\\\/de\\\/#\\\/schema\\\/logo\\\/image\\\/\",\"url\":\"https:\\\/\\\/www.louisbelgium.com\\\/wp-content\\\/uploads\\\/2020\\\/04\\\/louis.png\",\"contentUrl\":\"https:\\\/\\\/www.louisbelgium.com\\\/wp-content\\\/uploads\\\/2020\\\/04\\\/louis.png\",\"width\":378,\"height\":133,\"caption\":\"Louis Belgium\"},\"image\":{\"@id\":\"https:\\\/\\\/www.louisbelgium.com\\\/de\\\/#\\\/schema\\\/logo\\\/image\\\/\"}}]}<\/script>\n<!-- \/ Yoast SEO plugin. -->","yoast_head_json":{"title":"Algemeine Bedingungen Algemeine Bedingungen - Louis Belgium","description":"Alle Konflikte, die sich aus einem Vertrag ergeben oder mit einem Vertrag verbunden sind, auf den diese Allgemeinen Gesch\u00e4ftsbedingungen Anwendung finden, werden von den Gerichten in Antwerpen entschieden und unterliegen belgischem Recht.","robots":{"index":"index","follow":"follow","max-snippet":"max-snippet:-1","max-image-preview":"max-image-preview:large","max-video-preview":"max-video-preview:-1"},"canonical":"https:\/\/www.louisbelgium.com\/de\/algemeine-bedingungen\/","og_locale":"de_DE","og_type":"article","og_title":"Algemeine Bedingungen Algemeine Bedingungen - Louis Belgium","og_description":"Alle Konflikte, die sich aus einem Vertrag ergeben oder mit einem Vertrag verbunden sind, auf den diese Allgemeinen Gesch\u00e4ftsbedingungen Anwendung finden, werden von den Gerichten in Antwerpen entschieden und unterliegen belgischem Recht.","og_url":"https:\/\/www.louisbelgium.com\/de\/algemeine-bedingungen\/","og_site_name":"Louis Belgium","article_modified_time":"2020-11-24T07:59:45+00:00","twitter_card":"summary_large_image","twitter_misc":{"Gesch\u00e4tzte Lesezeit":"9\u00a0Minuten"},"schema":{"@context":"https:\/\/schema.org","@graph":[{"@type":"WebPage","@id":"https:\/\/www.louisbelgium.com\/de\/algemeine-bedingungen\/","url":"https:\/\/www.louisbelgium.com\/de\/algemeine-bedingungen\/","name":"Algemeine Bedingungen Algemeine Bedingungen - Louis Belgium","isPartOf":{"@id":"https:\/\/www.louisbelgium.com\/de\/#website"},"datePublished":"2020-11-23T08:53:41+00:00","dateModified":"2020-11-24T07:59:45+00:00","description":"Alle Konflikte, die sich aus einem Vertrag ergeben oder mit einem Vertrag verbunden sind, auf den diese Allgemeinen Gesch\u00e4ftsbedingungen Anwendung finden, werden von den Gerichten in Antwerpen entschieden und unterliegen belgischem Recht.","breadcrumb":{"@id":"https:\/\/www.louisbelgium.com\/de\/algemeine-bedingungen\/#breadcrumb"},"inLanguage":"de","potentialAction":[{"@type":"ReadAction","target":["https:\/\/www.louisbelgium.com\/de\/algemeine-bedingungen\/"]}]},{"@type":"BreadcrumbList","@id":"https:\/\/www.louisbelgium.com\/de\/algemeine-bedingungen\/#breadcrumb","itemListElement":[{"@type":"ListItem","position":1,"name":"Home","item":"https:\/\/www.louisbelgium.com\/de\/home\/"},{"@type":"ListItem","position":2,"name":"Algemeine Bedingungen"}]},{"@type":"WebSite","@id":"https:\/\/www.louisbelgium.com\/de\/#website","url":"https:\/\/www.louisbelgium.com\/de\/","name":"Louis Belgium","description":"The Fashion of Colour","publisher":{"@id":"https:\/\/www.louisbelgium.com\/de\/#organization"},"potentialAction":[{"@type":"SearchAction","target":{"@type":"EntryPoint","urlTemplate":"https:\/\/www.louisbelgium.com\/de\/?s={search_term_string}"},"query-input":{"@type":"PropertyValueSpecification","valueRequired":true,"valueName":"search_term_string"}}],"inLanguage":"de"},{"@type":"Organization","@id":"https:\/\/www.louisbelgium.com\/de\/#organization","name":"Louis Belgium","url":"https:\/\/www.louisbelgium.com\/de\/","logo":{"@type":"ImageObject","inLanguage":"de","@id":"https:\/\/www.louisbelgium.com\/de\/#\/schema\/logo\/image\/","url":"https:\/\/www.louisbelgium.com\/wp-content\/uploads\/2020\/04\/louis.png","contentUrl":"https:\/\/www.louisbelgium.com\/wp-content\/uploads\/2020\/04\/louis.png","width":378,"height":133,"caption":"Louis Belgium"},"image":{"@id":"https:\/\/www.louisbelgium.com\/de\/#\/schema\/logo\/image\/"}}]}},"_links":{"self":[{"href":"https:\/\/www.louisbelgium.com\/de\/wp-json\/wp\/v2\/pages\/22976","targetHints":{"allow":["GET"]}}],"collection":[{"href":"https:\/\/www.louisbelgium.com\/de\/wp-json\/wp\/v2\/pages"}],"about":[{"href":"https:\/\/www.louisbelgium.com\/de\/wp-json\/wp\/v2\/types\/page"}],"author":[{"embeddable":true,"href":"https:\/\/www.louisbelgium.com\/de\/wp-json\/wp\/v2\/users\/1352"}],"replies":[{"embeddable":true,"href":"https:\/\/www.louisbelgium.com\/de\/wp-json\/wp\/v2\/comments?post=22976"}],"version-history":[{"count":5,"href":"https:\/\/www.louisbelgium.com\/de\/wp-json\/wp\/v2\/pages\/22976\/revisions"}],"predecessor-version":[{"id":23045,"href":"https:\/\/www.louisbelgium.com\/de\/wp-json\/wp\/v2\/pages\/22976\/revisions\/23045"}],"wp:attachment":[{"href":"https:\/\/www.louisbelgium.com\/de\/wp-json\/wp\/v2\/media?parent=22976"}],"curies":[{"name":"wp","href":"https:\/\/api.w.org\/{rel}","templated":true}]}}