{"id":22964,"date":"2020-11-23T11:19:30","date_gmt":"2020-11-23T09:19:30","guid":{"rendered":"https:\/\/www.louisbelgium.com\/?page_id=22964"},"modified":"2022-10-26T15:52:16","modified_gmt":"2022-10-26T13:52:16","slug":"uber-louis","status":"publish","type":"page","link":"https:\/\/www.louisbelgium.com\/de\/uber-louis\/","title":{"rendered":"\u00dcber Louis"},"content":{"rendered":"<div class=\"wpb-content-wrapper\"><p>[vc_row css=&#8220;.vc_custom_1598946573964{padding-top: 20px !important;padding-bottom: 70px !important;}&#8220;][vc_column][vc_row_inner equal_height=&#8220;yes&#8220; content_placement=&#8220;middle&#8220;][vc_column_inner]<div id=\"ultimate-heading-137169f408f2c5d98\" class=\"uvc-heading ult-adjust-bottom-margin ultimate-heading-137169f408f2c5d98 uvc-3435 \" data-hspacer=\"no_spacer\"  data-halign=\"left\" style=\"text-align:left\"><div class=\"uvc-heading-spacer no_spacer\" style=\"top\"><\/div><div class=\"uvc-main-heading ult-responsive\"  data-ultimate-target='.uvc-heading.ultimate-heading-137169f408f2c5d98 h2'  data-responsive-json-new='{\"font-size\":\"\",\"line-height\":\"\"}' ><h2 style=\"font-weight:normal;margin-bottom:15px;\">MEET LOUIS<\/h2><\/div><div class=\"uvc-sub-heading ult-responsive\"  data-ultimate-target='.uvc-heading.ultimate-heading-137169f408f2c5d98 .uvc-sub-heading '  data-responsive-json-new='{\"font-size\":\"desktop:16px;\",\"line-height\":\"desktop:28px;\"}'  style=\"font-weight:normal;margin-bottom:15px;\">Immer stilvoll. Klassisch und trendy. Manchmal introvertiert, manchmal freim\u00fctig. Eine exklusive Augenmarke, die lokale Handwerkskunst mit Stil verbindet. Brillen von guter Qualit\u00e4t mit gro\u00dfartigem Service.<\/div><\/div>[vc_column_text css=&#8220;.vc_custom_1598967499823{margin-bottom: 20px !important;}&#8220;][\/vc_column_text][\/vc_column_inner][\/vc_row_inner][\/vc_column][\/vc_row][vc_row css=&#8220;.vc_custom_1592490624309{padding-top: 80px !important;padding-bottom: 80px !important;}&#8220;][vc_column][vc_row_inner equal_height=&#8220;yes&#8220;][vc_column_inner width=&#8220;1\/2&#8243;]<div id=\"ultimate-heading-806869f408f2c5ddd\" class=\"uvc-heading ult-adjust-bottom-margin ultimate-heading-806869f408f2c5ddd uvc-2545 \" data-hspacer=\"no_spacer\"  data-halign=\"left\" style=\"text-align:left\"><div class=\"uvc-heading-spacer no_spacer\" style=\"top\"><\/div><div class=\"uvc-main-heading ult-responsive\"  data-ultimate-target='.uvc-heading.ultimate-heading-806869f408f2c5ddd h2'  data-responsive-json-new='{\"font-size\":\"\",\"line-height\":\"\"}' ><h2 style=\"font-weight:normal;margin-bottom:15px;\">UNSERE MATERIALIEN<\/h2><\/div><div class=\"uvc-sub-heading ult-responsive\"  data-ultimate-target='.uvc-heading.ultimate-heading-806869f408f2c5ddd .uvc-sub-heading '  data-responsive-json-new='{\"font-size\":\"desktop:16px;\",\"line-height\":\"desktop:28px;\"}'  style=\"font-weight:normal;margin-bottom:15px;\">Louis steht f\u00fcr gutes und scharfes Aussehen! Stilvolles, hochwertiges belgisches Design, das sich in unserer Materialauswahl widerspiegelt.<\/div><\/div>[vc_column_text css=&#8220;.vc_custom_1606123094137{margin-bottom: 20px !important;}&#8220;]Unsere Acetat-Kollektion wird aus langlebigen Acetatplatten aus Italien hergestellt. Mazzucchelli-Maschinen stellen die Platten aus einem hypoallergenen, starken und extrem leichten Material her, das die Modelle dieser Kollektion sehr angenehm zu tragen macht.<\/p>\n<p>Unsere Metallkollektion wird aus nickelfreiem Edelstahl hergestellt und ist sehr langlebig. Ein Metallrahmen verleiht Ihnen sofort ein edles Aussehen.[\/vc_column_text][\/vc_column_inner][vc_column_inner width=&#8220;1\/2&#8243;]<div id=\"ultimate-heading-424069f408f2c5e05\" class=\"uvc-heading ult-adjust-bottom-margin ultimate-heading-424069f408f2c5e05 uvc-1174 \" data-hspacer=\"no_spacer\"  data-halign=\"left\" style=\"text-align:left\"><div class=\"uvc-heading-spacer no_spacer\" style=\"top\"><\/div><div class=\"uvc-main-heading ult-responsive\"  data-ultimate-target='.uvc-heading.ultimate-heading-424069f408f2c5e05 h2'  data-responsive-json-new='{\"font-size\":\"\",\"line-height\":\"\"}' ><h2 style=\"font-weight:normal;margin-bottom:15px;\">KUNDENMEINUNGEN<\/h2><\/div><div class=\"uvc-sub-heading ult-responsive\"  data-ultimate-target='.uvc-heading.ultimate-heading-424069f408f2c5e05 .uvc-sub-heading '  data-responsive-json-new='{\"font-size\":\"desktop:16px;\",\"line-height\":\"desktop:28px;\"}'  style=\"font-weight:normal;margin-bottom:15px;\">Manchmal m\u00f6chte man erst von anderen h\u00f6ren, wenn sie zufrieden sind, nicht wahr? Wir haben einige unserer Kunden f\u00fcr Sie befragt.<\/div><\/div>[vc_column_text css=&#8220;.vc_custom_1606123123857{margin-bottom: 20px !important;}&#8220;]Wir entwerfen Gl\u00e4ser, die auffallen. Seit 2010 bieten wir unseren Kunden die besten Produkte und Dienstleistungen an, um sie gl\u00fccklich zu machen.[\/vc_column_text]<div class=\" vc_custom_1618219630982 ubtn-ctn-left \"><a class=\"ubtn-link ult-adjust-bottom-margin ubtn-left ubtn-normal \" href=\"\/de\/kollektion\/\" title=\"Collectie\" ><button type=\"button\" id=\"ubtn-8565\"  class=\"ubtn ult-adjust-bottom-margin ult-responsive ubtn-normal ubtn-no-hover-bg  none  ubtn-left   tooltip-69f408f2c5e2e\"  data-hover=\"\" data-border-color=\"\" data-bg=\"#9e86d0\" data-hover-bg=\"\" data-border-hover=\"\" data-shadow-hover=\"\" data-shadow-click=\"none\" data-shadow=\"\" data-shd-shadow=\"\"  data-ultimate-target='#ubtn-8565'  data-responsive-json-new='{\"font-size\":\"desktop:16px;\",\"line-height\":\"desktop:16px;\"}'  style=\"font-weight:bold;border:none;background: #9e86d0;color: #ffffff;\"><span class=\"ubtn-hover\" style=\"background-color:\"><\/span><span class=\"ubtn-data ubtn-text \" >Pr\u00fcfen Sie unsere neuesten Ank\u00fcnfte<\/span><\/button><\/a><\/div>[\/vc_column_inner][\/vc_row_inner][\/vc_column][\/vc_row][vc_row css=&#8220;.vc_custom_1596701274730{padding-top: 35px !important;padding-bottom: 35px !important;}&#8220;][vc_column][vc_row_inner][vc_column_inner][vc_column_text]<\/p>\n<h2 style=\"text-align: center;\">LOUIS SIEHT IMMER GUT AUS UND SIEHT SCHARF AUS<\/h2>\n<h3 style=\"text-align: center;\">QUALIT\u00c4T &#8211; BELGISCH &#8211; DESIGN<\/h3>\n<p>[\/vc_column_text][\/vc_column_inner][\/vc_row_inner][\/vc_column][\/vc_row]<\/p>\n<\/div>","protected":false},"excerpt":{"rendered":"<p>[vc_row css=&#8220;.vc_custom_1598946573964{padding-top: 20px !important;padding-bottom: 70px !important;}&#8220;][vc_column][vc_row_inner equal_height=&#8220;yes&#8220; content_placement=&#8220;middle&#8220;][vc_column_inner][vc_column_text css=&#8220;.vc_custom_1598967499823{margin-bottom: 20px !important;}&#8220;][\/vc_column_text][\/vc_column_inner][\/vc_row_inner][\/vc_column][\/vc_row][vc_row css=&#8220;.vc_custom_1592490624309{padding-top: 80px !important;padding-bottom: 80px !important;}&#8220;][vc_column][vc_row_inner equal_height=&#8220;yes&#8220;][vc_column_inner width=&#8220;1\/2&#8243;][vc_column_text css=&#8220;.vc_custom_1606123094137{margin-bottom: 20px !important;}&#8220;]Unsere Acetat-Kollektion wird aus langlebigen Acetatplatten aus Italien hergestellt. Mazzucchelli-Maschinen stellen die Platten aus einem hypoallergenen, starken und extrem leichten Material her, das die Modelle dieser Kollektion sehr angenehm zu tragen macht. Unsere Metallkollektion wird&hellip;<\/p>\n","protected":false},"author":1352,"featured_media":31651,"parent":0,"menu_order":0,"comment_status":"closed","ping_status":"closed","template":"","meta":{"inline_featured_image":false,"footnotes":""},"class_list":["post-22964","page","type-page","status-publish","has-post-thumbnail","hentry","description-off"],"yoast_head":"<!-- This site is optimized with the Yoast SEO plugin v27.5 - https:\/\/yoast.com\/product\/yoast-seo-wordpress\/ -->\n<title>\u00dcber Louis - Louis Belgium<\/title>\n<meta name=\"description\" content=\"LOUIS Belgium steht f\u00fcr stilvolle, qualitativ hochwertige belgische Designgl\u00e4ser, was sich auch in unserer Materialwahl widerspiegelt. Lesen Sie mehr \u00fcber uns.\" \/>\n<meta name=\"robots\" content=\"index, follow, max-snippet:-1, max-image-preview:large, max-video-preview:-1\" \/>\n<link rel=\"canonical\" href=\"https:\/\/www.louisbelgium.com\/de\/uber-louis\/\" \/>\n<meta property=\"og:locale\" content=\"de_DE\" \/>\n<meta property=\"og:type\" content=\"article\" \/>\n<meta property=\"og:title\" content=\"\u00dcber Louis - Louis Belgium\" \/>\n<meta property=\"og:description\" content=\"LOUIS Belgium steht f\u00fcr stilvolle, qualitativ hochwertige belgische Designgl\u00e4ser, was sich auch in unserer Materialwahl widerspiegelt. Lesen Sie mehr \u00fcber uns.\" \/>\n<meta property=\"og:url\" content=\"https:\/\/www.louisbelgium.com\/de\/uber-louis\/\" \/>\n<meta property=\"og:site_name\" content=\"Louis Belgium\" \/>\n<meta property=\"article:modified_time\" content=\"2022-10-26T13:52:16+00:00\" \/>\n<meta property=\"og:image\" content=\"https:\/\/www.louisbelgium.com\/wp-content\/uploads\/2022\/10\/Louis_HiRes_72_5548-scaled.jpg\" \/>\n\t<meta property=\"og:image:width\" content=\"2560\" \/>\n\t<meta property=\"og:image:height\" content=\"1828\" \/>\n\t<meta property=\"og:image:type\" content=\"image\/jpeg\" \/>\n<meta name=\"twitter:card\" content=\"summary_large_image\" \/>\n<meta name=\"twitter:label1\" content=\"Gesch\u00e4tzte Lesezeit\" \/>\n\t<meta name=\"twitter:data1\" content=\"1\u00a0Minute\" \/>\n<script type=\"application\/ld+json\" class=\"yoast-schema-graph\">{\"@context\":\"https:\\\/\\\/schema.org\",\"@graph\":[{\"@type\":\"WebPage\",\"@id\":\"https:\\\/\\\/www.louisbelgium.com\\\/de\\\/uber-louis\\\/\",\"url\":\"https:\\\/\\\/www.louisbelgium.com\\\/de\\\/uber-louis\\\/\",\"name\":\"\u00dcber Louis - Louis Belgium\",\"isPartOf\":{\"@id\":\"https:\\\/\\\/www.louisbelgium.com\\\/de\\\/#website\"},\"primaryImageOfPage\":{\"@id\":\"https:\\\/\\\/www.louisbelgium.com\\\/de\\\/uber-louis\\\/#primaryimage\"},\"image\":{\"@id\":\"https:\\\/\\\/www.louisbelgium.com\\\/de\\\/uber-louis\\\/#primaryimage\"},\"thumbnailUrl\":\"https:\\\/\\\/www.louisbelgium.com\\\/wp-content\\\/uploads\\\/2022\\\/10\\\/Louis_HiRes_72_5548-scaled.jpg\",\"datePublished\":\"2020-11-23T09:19:30+00:00\",\"dateModified\":\"2022-10-26T13:52:16+00:00\",\"description\":\"LOUIS Belgium steht f\u00fcr stilvolle, qualitativ hochwertige belgische Designgl\u00e4ser, was sich auch in unserer Materialwahl widerspiegelt. Lesen Sie mehr \u00fcber uns.\",\"breadcrumb\":{\"@id\":\"https:\\\/\\\/www.louisbelgium.com\\\/de\\\/uber-louis\\\/#breadcrumb\"},\"inLanguage\":\"de\",\"potentialAction\":[{\"@type\":\"ReadAction\",\"target\":[\"https:\\\/\\\/www.louisbelgium.com\\\/de\\\/uber-louis\\\/\"]}]},{\"@type\":\"ImageObject\",\"inLanguage\":\"de\",\"@id\":\"https:\\\/\\\/www.louisbelgium.com\\\/de\\\/uber-louis\\\/#primaryimage\",\"url\":\"https:\\\/\\\/www.louisbelgium.com\\\/wp-content\\\/uploads\\\/2022\\\/10\\\/Louis_HiRes_72_5548-scaled.jpg\",\"contentUrl\":\"https:\\\/\\\/www.louisbelgium.com\\\/wp-content\\\/uploads\\\/2022\\\/10\\\/Louis_HiRes_72_5548-scaled.jpg\",\"width\":2560,\"height\":1828},{\"@type\":\"BreadcrumbList\",\"@id\":\"https:\\\/\\\/www.louisbelgium.com\\\/de\\\/uber-louis\\\/#breadcrumb\",\"itemListElement\":[{\"@type\":\"ListItem\",\"position\":1,\"name\":\"Home\",\"item\":\"https:\\\/\\\/www.louisbelgium.com\\\/de\\\/home\\\/\"},{\"@type\":\"ListItem\",\"position\":2,\"name\":\"\u00dcber Louis\"}]},{\"@type\":\"WebSite\",\"@id\":\"https:\\\/\\\/www.louisbelgium.com\\\/de\\\/#website\",\"url\":\"https:\\\/\\\/www.louisbelgium.com\\\/de\\\/\",\"name\":\"Louis Belgium\",\"description\":\"The Fashion of Colour\",\"publisher\":{\"@id\":\"https:\\\/\\\/www.louisbelgium.com\\\/de\\\/#organization\"},\"potentialAction\":[{\"@type\":\"SearchAction\",\"target\":{\"@type\":\"EntryPoint\",\"urlTemplate\":\"https:\\\/\\\/www.louisbelgium.com\\\/de\\\/?s={search_term_string}\"},\"query-input\":{\"@type\":\"PropertyValueSpecification\",\"valueRequired\":true,\"valueName\":\"search_term_string\"}}],\"inLanguage\":\"de\"},{\"@type\":\"Organization\",\"@id\":\"https:\\\/\\\/www.louisbelgium.com\\\/de\\\/#organization\",\"name\":\"Louis Belgium\",\"url\":\"https:\\\/\\\/www.louisbelgium.com\\\/de\\\/\",\"logo\":{\"@type\":\"ImageObject\",\"inLanguage\":\"de\",\"@id\":\"https:\\\/\\\/www.louisbelgium.com\\\/de\\\/#\\\/schema\\\/logo\\\/image\\\/\",\"url\":\"https:\\\/\\\/www.louisbelgium.com\\\/wp-content\\\/uploads\\\/2020\\\/04\\\/louis.png\",\"contentUrl\":\"https:\\\/\\\/www.louisbelgium.com\\\/wp-content\\\/uploads\\\/2020\\\/04\\\/louis.png\",\"width\":378,\"height\":133,\"caption\":\"Louis Belgium\"},\"image\":{\"@id\":\"https:\\\/\\\/www.louisbelgium.com\\\/de\\\/#\\\/schema\\\/logo\\\/image\\\/\"}}]}<\/script>\n<!-- \/ Yoast SEO plugin. -->","yoast_head_json":{"title":"\u00dcber Louis - Louis Belgium","description":"LOUIS Belgium steht f\u00fcr stilvolle, qualitativ hochwertige belgische Designgl\u00e4ser, was sich auch in unserer Materialwahl widerspiegelt. Lesen Sie mehr \u00fcber uns.","robots":{"index":"index","follow":"follow","max-snippet":"max-snippet:-1","max-image-preview":"max-image-preview:large","max-video-preview":"max-video-preview:-1"},"canonical":"https:\/\/www.louisbelgium.com\/de\/uber-louis\/","og_locale":"de_DE","og_type":"article","og_title":"\u00dcber Louis - Louis Belgium","og_description":"LOUIS Belgium steht f\u00fcr stilvolle, qualitativ hochwertige belgische Designgl\u00e4ser, was sich auch in unserer Materialwahl widerspiegelt. Lesen Sie mehr \u00fcber uns.","og_url":"https:\/\/www.louisbelgium.com\/de\/uber-louis\/","og_site_name":"Louis Belgium","article_modified_time":"2022-10-26T13:52:16+00:00","og_image":[{"width":2560,"height":1828,"url":"https:\/\/www.louisbelgium.com\/wp-content\/uploads\/2022\/10\/Louis_HiRes_72_5548-scaled.jpg","type":"image\/jpeg"}],"twitter_card":"summary_large_image","twitter_misc":{"Gesch\u00e4tzte Lesezeit":"1\u00a0Minute"},"schema":{"@context":"https:\/\/schema.org","@graph":[{"@type":"WebPage","@id":"https:\/\/www.louisbelgium.com\/de\/uber-louis\/","url":"https:\/\/www.louisbelgium.com\/de\/uber-louis\/","name":"\u00dcber Louis - Louis Belgium","isPartOf":{"@id":"https:\/\/www.louisbelgium.com\/de\/#website"},"primaryImageOfPage":{"@id":"https:\/\/www.louisbelgium.com\/de\/uber-louis\/#primaryimage"},"image":{"@id":"https:\/\/www.louisbelgium.com\/de\/uber-louis\/#primaryimage"},"thumbnailUrl":"https:\/\/www.louisbelgium.com\/wp-content\/uploads\/2022\/10\/Louis_HiRes_72_5548-scaled.jpg","datePublished":"2020-11-23T09:19:30+00:00","dateModified":"2022-10-26T13:52:16+00:00","description":"LOUIS Belgium steht f\u00fcr stilvolle, qualitativ hochwertige belgische Designgl\u00e4ser, was sich auch in unserer Materialwahl widerspiegelt. Lesen Sie mehr \u00fcber uns.","breadcrumb":{"@id":"https:\/\/www.louisbelgium.com\/de\/uber-louis\/#breadcrumb"},"inLanguage":"de","potentialAction":[{"@type":"ReadAction","target":["https:\/\/www.louisbelgium.com\/de\/uber-louis\/"]}]},{"@type":"ImageObject","inLanguage":"de","@id":"https:\/\/www.louisbelgium.com\/de\/uber-louis\/#primaryimage","url":"https:\/\/www.louisbelgium.com\/wp-content\/uploads\/2022\/10\/Louis_HiRes_72_5548-scaled.jpg","contentUrl":"https:\/\/www.louisbelgium.com\/wp-content\/uploads\/2022\/10\/Louis_HiRes_72_5548-scaled.jpg","width":2560,"height":1828},{"@type":"BreadcrumbList","@id":"https:\/\/www.louisbelgium.com\/de\/uber-louis\/#breadcrumb","itemListElement":[{"@type":"ListItem","position":1,"name":"Home","item":"https:\/\/www.louisbelgium.com\/de\/home\/"},{"@type":"ListItem","position":2,"name":"\u00dcber Louis"}]},{"@type":"WebSite","@id":"https:\/\/www.louisbelgium.com\/de\/#website","url":"https:\/\/www.louisbelgium.com\/de\/","name":"Louis Belgium","description":"The Fashion of Colour","publisher":{"@id":"https:\/\/www.louisbelgium.com\/de\/#organization"},"potentialAction":[{"@type":"SearchAction","target":{"@type":"EntryPoint","urlTemplate":"https:\/\/www.louisbelgium.com\/de\/?s={search_term_string}"},"query-input":{"@type":"PropertyValueSpecification","valueRequired":true,"valueName":"search_term_string"}}],"inLanguage":"de"},{"@type":"Organization","@id":"https:\/\/www.louisbelgium.com\/de\/#organization","name":"Louis Belgium","url":"https:\/\/www.louisbelgium.com\/de\/","logo":{"@type":"ImageObject","inLanguage":"de","@id":"https:\/\/www.louisbelgium.com\/de\/#\/schema\/logo\/image\/","url":"https:\/\/www.louisbelgium.com\/wp-content\/uploads\/2020\/04\/louis.png","contentUrl":"https:\/\/www.louisbelgium.com\/wp-content\/uploads\/2020\/04\/louis.png","width":378,"height":133,"caption":"Louis Belgium"},"image":{"@id":"https:\/\/www.louisbelgium.com\/de\/#\/schema\/logo\/image\/"}}]}},"_links":{"self":[{"href":"https:\/\/www.louisbelgium.com\/de\/wp-json\/wp\/v2\/pages\/22964","targetHints":{"allow":["GET"]}}],"collection":[{"href":"https:\/\/www.louisbelgium.com\/de\/wp-json\/wp\/v2\/pages"}],"about":[{"href":"https:\/\/www.louisbelgium.com\/de\/wp-json\/wp\/v2\/types\/page"}],"author":[{"embeddable":true,"href":"https:\/\/www.louisbelgium.com\/de\/wp-json\/wp\/v2\/users\/1352"}],"replies":[{"embeddable":true,"href":"https:\/\/www.louisbelgium.com\/de\/wp-json\/wp\/v2\/comments?post=22964"}],"version-history":[{"count":8,"href":"https:\/\/www.louisbelgium.com\/de\/wp-json\/wp\/v2\/pages\/22964\/revisions"}],"predecessor-version":[{"id":27309,"href":"https:\/\/www.louisbelgium.com\/de\/wp-json\/wp\/v2\/pages\/22964\/revisions\/27309"}],"wp:featuredmedia":[{"embeddable":true,"href":"https:\/\/www.louisbelgium.com\/de\/wp-json\/wp\/v2\/media\/31651"}],"wp:attachment":[{"href":"https:\/\/www.louisbelgium.com\/de\/wp-json\/wp\/v2\/media?parent=22964"}],"curies":[{"name":"wp","href":"https:\/\/api.w.org\/{rel}","templated":true}]}}